{"id":3222,"date":"2015-11-04T12:44:02","date_gmt":"2015-11-04T12:44:02","guid":{"rendered":"http:\/\/prestazilla.org\/wordpress\/transargo\/?page_id=158"},"modified":"2021-06-30T15:21:49","modified_gmt":"2021-06-30T13:21:49","slug":"nos-produits","status":"publish","type":"page","link":"https:\/\/solution-multimedia.fr\/index.php\/nos-produits\/","title":{"rendered":"Nos Produits"},"content":{"rendered":"<p>[vc_row ppadding=&#8221;vc_row-padding-bottom&#8221; gradient_colors=&#8221;%5B%7B%7D%5D&#8221; kswr_row_top_decor_enabled=&#8221;false&#8221; kswr_row_bottom_decor_enabled=&#8221;false&#8221;][vc_column][vc_column_text]<\/p>\n<h1 style=\"text-align: center;\"><span style=\"font-size: 36pt;\">D\u00e9couvrez nos gammes de produits !<\/span><\/h1>\n<p style=\"text-align: center;\"><span style=\"font-size: 18pt;\">Chez Solution-Multim\u00e9dia votre <strong>devis est gratuit<\/strong>. N&#8217;h\u00e9sitez pas \u00e0 demander le votre.<\/span><\/p>\n<p style=\"text-align: center;\">Venez d\u00e9couvrir bien d&#8217;autres produits en <a href=\"https:\/\/solution-multimedia.fr\/index.php\/contact\/\">nous contactant<\/a>.<\/p>\n<p>[\/vc_column_text]<div class=\"kswr-responsive-spacer\" data-desk=\"35px\" data-tablet=\"35px\" data-tablet-sm=\"35px\" data-phone=\"35px\" data-phone-sm=\"35px\" style=\"--spc-desk:35px;--spc-tablet:35px;--spc-tablet-sm:35px;--spc-phone:35px;--spc-phone-sm:35px;\"><\/div><div class=\"kswr-responsive-spacer\" data-desk=\"35px\" data-tablet=\"35px\" data-tablet-sm=\"35px\" data-phone=\"35px\" data-phone-sm=\"35px\" style=\"--spc-desk:35px;--spc-tablet:35px;--spc-tablet-sm:35px;--spc-phone:35px;--spc-phone-sm:35px;\"><\/div>[vc_row_inner][vc_column_inner width=&#8221;1\/3&#8243;][vc_single_image image=&#8221;15720&#8243; img_size=&#8221;large&#8221;][vc_column_text]<\/p>\n<h1 style=\"text-align: center;\"><em><strong>800\u20ac<\/strong><\/em><\/h1>\n<p>[\/vc_column_text][\/vc_column_inner][vc_column_inner width=&#8221;1\/3&#8243;][vc_single_image image=&#8221;15719&#8243; img_size=&#8221;large&#8221;][vc_column_text]<\/p>\n<h1 style=\"text-align: center;\"><em><strong>1000\u20ac<\/strong><\/em><\/h1>\n<p>[\/vc_column_text][\/vc_column_inner][vc_column_inner width=&#8221;1\/3&#8243;][vc_single_image image=&#8221;15718&#8243; img_size=&#8221;large&#8221;][vc_column_text]<\/p>\n<h1 style=\"text-align: center;\"><em><strong>1300\u20ac<\/strong><\/em><\/h1>\n<p>[\/vc_column_text][\/vc_column_inner][\/vc_row_inner][\/vc_column][\/vc_row][vc_row][vc_column]<div class=\"kswr-button-container kswr-shortcode-element kswr-theelement\" style=\"text-align:left;margin-top:0px; margin-bottom:0px;\" data-icon-position=\"left\" data-button-style=\"none\" data-layout=\"noicon\" data-hover-action=\"none\">\n\t\t\t\t<div class=\"kswr-button-insider\" style=\"width:250px; --btn-height:45px;  height:45px; border-radius:0px; padding-top:0px; padding-bottom:0px; line-height:45px;\" >\t\t\t\t\n\t\t\t\t\t<div class=\"kswr-button-txt kswr-button-txt-r kswr-shortcode-element\" data-fontsettings=\"font-size:15px;line-height:;letter-spacing:;--tablet-font-size:;--phone-font-size:;\" style=\"color:#fff;background-clip: inherit;background-color: inherit; -webkit-text-fill-color:#fff;font-size:15px;line-height:;letter-spacing:;--tablet-font-size:;--phone-font-size:; \"><span style=\"\">Plus sur nous<\/span><div class=\"kswr-button-icon kswr-button-icon-r\" style=\"font-size: 26px; \"><i style=\"color:#fff;background-clip: inherit;background-color: inherit; -webkit-text-fill-color:#fff;\" class=\"\"><\/i><\/div><\/div>\n\t\t\t\t\t<div class=\"kswr-button-txt kswr-button-txt-h kswr-shortcode-element\" data-fontsettings=\"font-size:15px;line-height:;letter-spacing:;--tablet-font-size:;--phone-font-size:;\" style=\"color:#fff;background-clip: inherit;background-color: inherit; -webkit-text-fill-color:#fff;font-size:15px;line-height:;letter-spacing:;--tablet-font-size:;--phone-font-size:; \"><span style=\"\">Plus sur nous<\/span> <div class=\"kswr-button-icon kswr-button-icon-h\" style=\"font-size: 26px; \"><i style=\"color:#fff;background-clip: inherit;background-color: inherit; -webkit-text-fill-color:#fff;\" class=\"\"><\/i><\/div><\/div>\n\t\t\t\t\t<div class=\"kswr-button-bg kswr-button-bg-r  \" style=\"background:#111;border:0px none transparent;border-width:0px;\"><\/div>\n\t\t\t\t\t<div class=\"kswr-button-bg kswr-button-bg-h  \" style=\"background:#00AFD1;border:0px none transparent;border-width:0px;\"><\/div>\t\n\t\t\t\t\t<a href=\"https:\/\/solution-multimedia.fr\/index.php\/a-propos-de-nous\/\" target=\"\" ><\/a>\t\t\t\n\t\t\t\t<\/div>\t\t\t\n\t\t\t<\/div>[vc_column_text]<span style=\"font-size: 8pt; color: #ffffff;\">Contactez nous pour diverses demandes concernant le produit\u00a0 <a style=\"color: #ffffff;\" href=\"https:\/\/www.facebook.com\/SolutionMultimedia65\">facebook<\/a><\/span>[\/vc_column_text][vc_column_text]<span style=\"color: #ffffff; font-size: 8pt;\">I am text block. Click edit button to change this text. Lorem ipsum dolor sit amet, consectetur adipiscing elit. Ut elit tellus, luctus nec ullamcorper mattis, pulvinar dapibus leo.<\/span><\/p>\n<p><span style=\"color: #ffffff; font-size: 8pt;\">I am text block. Click edit button to change this text. Lorem ipsum dolor sit amet, consectetur adipiscing elit. Ut elit tellus, luctus nec ullamcorper mattis, pulvinar dapibus leo.<\/span><\/p>\n<p><span style=\"color: #ffffff; font-size: 8pt;\">I am text block. Click edit button to changeproduits\u00a0 this text. Lorem ipsum dolor sit amet, consectetur adipiscing elit. Ut elit tellus, luctus nec ullamcorper mattis, pulvinar dapibus leo.<\/span><\/p>\n<p><span style=\"color: #ffffff; font-size: 8pt;\">I am text block. Click edit button to change this text. Lorem ipsum dolor sit amet, consectetur adipiscing produits\u00a0 elit. Ut elit tellus, luctus nec ullamcorper mattis, pulvinar dapibus leo.<\/span><\/p>\n<p><span style=\"color: #ffffff; font-size: 8pt;\">Les produits tarbes informatique d\u00e9pannage montage pc<\/span><\/p>\n<p><span style=\"color: #ffffff; font-size: 8pt;\">Ici produis\u00a0 tarbes informatique d\u00e9pannage montage pc<\/span><\/p>\n<p><span style=\"color: #ffffff; font-size: 8pt;\">Nos produits tarbes informatique d\u00e9pannage montage pc<\/span><\/p>\n<p><span style=\"color: #ffffff; font-size: 8pt;\">I am text block. Click edit button to change this text. Lorem ipsum dolor sit amet, consectetur adipiscing elit. Ut elit tellus, luctus nec ullamcorper mattis, pulvinar dapibus leo.<\/span><\/p>\n<h3><span style=\"color: #ffffff;\">Part 2 Produits<\/span><\/h3>\n<p><span style=\"color: #ffffff; font-size: 8pt;\">I am text block. Click edit button to change this text. Lorem ipsum dolor sit amet, consectetur adipiscing elit. Ut elit tellus, luctus nec ullamcorper mattis, pulvinar dapibus leo.<\/span><\/p>\n<p><span style=\"color: #ffffff; font-size: 8pt;\">I am text block. Click edit button to changeproduits\u00a0 this text. Lorem ipsum dolor sit amet, consectetur adipiscing elit. Ut elit tellus, luctus nec ullamcorper mattis, pulvinar dapibus leo.<\/span><\/p>\n<p><span style=\"color: #ffffff; font-size: 8pt;\">I am text block. Click edit button to change this text. Lorem ipsum dolor sit amet, consectetur adipiscing produits\u00a0 elit. Ut elit tellus, luctus nec ullamcorper mattis, pulvinar dapibus leo.<\/span><\/p>\n<p><span style=\"color: #ffffff; font-size: 8pt;\">Les produits tarbes informatique d\u00e9pannage montage pc<\/span><\/p>\n<p><span style=\"color: #ffffff; font-size: 8pt;\">Ici\u00a0 tarbes informatique d\u00e9pannage montage pc<\/span><\/p>\n<p><span style=\"color: #ffffff; font-size: 8pt;\">Nos\u00a0 tarbes informatique d\u00e9pannage montage pc<\/span>[\/vc_column_text][\/vc_column][\/vc_row]<\/p>\n","protected":false},"excerpt":{"rendered":"<p>[vc_row ppadding=&#8221;vc_row-padding-bottom&#8221; gradient_colors=&#8221;%5B%7B%7D%5D&#8221; kswr_row_top_decor_enabled=&#8221;false&#8221; kswr_row_bottom_decor_enabled=&#8221;false&#8221;][vc_column][vc_column_text] D\u00e9couvrez nos gammes de produits ! Chez Solution-Multim\u00e9dia votre devis est gratuit. N&#8217;h\u00e9sitez pas \u00e0 demander le votre. Venez d\u00e9couvrir bien d&#8217;autres produits en nous contactant. [\/vc_column_text][vc_row_inner][vc_column_inner width=&#8221;1\/3&#8243;][vc_single_image image=&#8221;15720&#8243; img_size=&#8221;large&#8221;][vc_column_text] 800\u20ac [\/vc_column_text][\/vc_column_inner][vc_column_inner width=&#8221;1\/3&#8243;][vc_single_image image=&#8221;15719&#8243; img_size=&#8221;large&#8221;][vc_column_text] 1000\u20ac [\/vc_column_text][\/vc_column_inner][vc_column_inner width=&#8221;1\/3&#8243;][vc_single_image image=&#8221;15718&#8243; img_size=&#8221;large&#8221;][vc_column_text] 1300\u20ac [\/vc_column_text][\/vc_column_inner][\/vc_row_inner][\/vc_column][\/vc_row][vc_row][vc_column][vc_column_text]Contactez nous pour diverses demandes concernant le produit\u00a0 facebook[\/vc_column_text][vc_column_text]I [&hellip;]<\/p>\n","protected":false},"author":1,"featured_media":0,"parent":0,"menu_order":0,"comment_status":"closed","ping_status":"closed","template":"","meta":{"spay_email":""},"yoast_head":"<!-- This site is optimized with the Yoast SEO Premium plugin v16.3 (Yoast SEO v16.5) - https:\/\/yoast.com\/wordpress\/plugins\/seo\/ -->\n<title>Nos Produits - Solution-Multim\u00e9dia | La solution \u00e0 tous vos probl\u00e8mes.<\/title>\n<meta name=\"description\" content=\"D\u00e9couvrez nos produits informatique, high-tech et bien d&#039;autres encore. Contactez-nous pour en savoir plus sur nos produits.\" \/>\n<meta name=\"robots\" content=\"index, follow, max-snippet:-1, max-image-preview:large, max-video-preview:-1\" \/>\n<link rel=\"canonical\" href=\"https:\/\/solution-multimedia.fr\/index.php\/nos-produits\/\" \/>\n<meta property=\"og:locale\" content=\"fr_FR\" \/>\n<meta property=\"og:type\" content=\"article\" \/>\n<meta property=\"og:title\" content=\"Nos Produits - Solution-Multim\u00e9dia | La solution \u00e0 tous vos probl\u00e8mes.\" \/>\n<meta property=\"og:description\" content=\"D\u00e9couvrez nos produits informatique, high-tech et bien d&#039;autres encore. Contactez-nous pour en savoir plus sur nos produits.\" \/>\n<meta property=\"og:url\" content=\"https:\/\/solution-multimedia.fr\/index.php\/nos-produits\/\" \/>\n<meta property=\"og:site_name\" content=\"Solution-Multim\u00e9dia\" \/>\n<meta property=\"article:modified_time\" content=\"2021-06-30T13:21:49+00:00\" \/>\n<meta name=\"twitter:card\" content=\"summary_large_image\" \/>\n<meta name=\"twitter:label1\" content=\"Dur\u00e9e de lecture est.\" \/>\n\t<meta name=\"twitter:data1\" content=\"2 minutes\" \/>\n<script type=\"application\/ld+json\" class=\"yoast-schema-graph\">{\"@context\":\"https:\/\/schema.org\",\"@graph\":[{\"@type\":\"WebSite\",\"@id\":\"https:\/\/solution-multimedia.fr\/#website\",\"url\":\"https:\/\/solution-multimedia.fr\/\",\"name\":\"Solution-Multim\\u00e9dia\",\"description\":\"Une solution \\u00e0 tous vos probl\\u00e8mes !\",\"potentialAction\":[{\"@type\":\"SearchAction\",\"target\":\"https:\/\/solution-multimedia.fr\/?s={search_term_string}\",\"query-input\":\"required name=search_term_string\"}],\"inLanguage\":\"fr-FR\"},{\"@type\":\"WebPage\",\"@id\":\"https:\/\/solution-multimedia.fr\/index.php\/nos-produits\/#webpage\",\"url\":\"https:\/\/solution-multimedia.fr\/index.php\/nos-produits\/\",\"name\":\"Nos Produits - Solution-Multim\\u00e9dia | La solution \\u00e0 tous vos probl\\u00e8mes.\",\"isPartOf\":{\"@id\":\"https:\/\/solution-multimedia.fr\/#website\"},\"datePublished\":\"2015-11-04T12:44:02+00:00\",\"dateModified\":\"2021-06-30T13:21:49+00:00\",\"description\":\"D\\u00e9couvrez nos produits informatique, high-tech et bien d'autres encore. Contactez-nous pour en savoir plus sur nos produits.\",\"breadcrumb\":{\"@id\":\"https:\/\/solution-multimedia.fr\/index.php\/nos-produits\/#breadcrumb\"},\"inLanguage\":\"fr-FR\",\"potentialAction\":[{\"@type\":\"ReadAction\",\"target\":[\"https:\/\/solution-multimedia.fr\/index.php\/nos-produits\/\"]}]},{\"@type\":\"BreadcrumbList\",\"@id\":\"https:\/\/solution-multimedia.fr\/index.php\/nos-produits\/#breadcrumb\",\"itemListElement\":[{\"@type\":\"ListItem\",\"position\":1,\"name\":\"Accueil\",\"item\":\"https:\/\/solution-multimedia.fr\/\"},{\"@type\":\"ListItem\",\"position\":2,\"name\":\"Nos Produits\"}]}]}<\/script>\n<!-- \/ Yoast SEO Premium plugin. -->","_links":{"self":[{"href":"https:\/\/solution-multimedia.fr\/index.php\/wp-json\/wp\/v2\/pages\/3222"}],"collection":[{"href":"https:\/\/solution-multimedia.fr\/index.php\/wp-json\/wp\/v2\/pages"}],"about":[{"href":"https:\/\/solution-multimedia.fr\/index.php\/wp-json\/wp\/v2\/types\/page"}],"author":[{"embeddable":true,"href":"https:\/\/solution-multimedia.fr\/index.php\/wp-json\/wp\/v2\/users\/1"}],"replies":[{"embeddable":true,"href":"https:\/\/solution-multimedia.fr\/index.php\/wp-json\/wp\/v2\/comments?post=3222"}],"version-history":[{"count":31,"href":"https:\/\/solution-multimedia.fr\/index.php\/wp-json\/wp\/v2\/pages\/3222\/revisions"}],"predecessor-version":[{"id":15723,"href":"https:\/\/solution-multimedia.fr\/index.php\/wp-json\/wp\/v2\/pages\/3222\/revisions\/15723"}],"wp:attachment":[{"href":"https:\/\/solution-multimedia.fr\/index.php\/wp-json\/wp\/v2\/media?parent=3222"}],"curies":[{"name":"wp","href":"https:\/\/api.w.org\/{rel}","templated":true}]}}